{"id":665,"date":"2016-09-27T16:32:04","date_gmt":"2016-09-27T16:32:04","guid":{"rendered":"http:\/\/www.ofiset.es\/?page_id=665"},"modified":"2018-02-08T21:01:13","modified_gmt":"2018-02-08T19:01:13","slug":"uso-y-privacidad","status":"publish","type":"page","link":"http:\/\/www.ofiset.es\/index.php\/uso-y-privacidad\/","title":{"rendered":"USO Y PRIVACIDAD"},"content":{"rendered":"<h2>INFORMACI\u00d3N EN CUMPLIMIENTO DE LA LEY 34\/2002, DE 11 DE JULIO<\/h2>\n<p>De conformidad con lo establecido en el art\u00edculo 10 de la Ley 34\/2002, de 11 de julio, de<\/p>\n<p>Servicios de la Sociedad de la Informaci\u00f3n y de Comercio electr\u00f3nico, le informamos que el<\/p>\n<p>titular de esta p\u00e1gina es\u00a0OFISET SL con CIF B37038874, con quien se puede<\/p>\n<p>contactar en la siguiente direcci\u00f3n:<\/p>\n<p>&nbsp;<\/p>\n<p>PASEO CARMELITAS 35, BAJO<\/p>\n<p>37002 SALAMANCA (ESPA\u00d1A)<\/p>\n<p>Tel.\u00a0923 27 23 78<\/p>\n<p>Correo electr\u00f3nico: info@ofiset.es<\/p>\n<p>&nbsp;<\/p>\n<h2>POL\u00cdTICA DE PROTECCI\u00d3N DE DATOS<\/h2>\n<p>De conformidad con lo establecido en los art\u00edculos 5 y 6 de la Ley Org\u00e1nica 15\/1999 de 13 de<\/p>\n<p>diciembre de Protecci\u00f3n de Datos de Car\u00e1cter Personal, le informamos que los datos de<\/p>\n<p>car\u00e1cter personal que voluntariamente nos facilite a trav\u00e9s de los distintos formularios de<\/p>\n<p>entrada dispuestos al efecto en la Web www.ofiset.es o en cualquier otro canal de<\/p>\n<p>recogida de los mismos, ser\u00e1n incorporados al fichero denominado \u00abUSUARIOS\u00bb responsabilidad<\/p>\n<p>de OFISET SL\u00a0con la finalidad de poder contactar con usted, el mantenimiento<\/p>\n<p>de la relaci\u00f3n contractual y\/o precontractual, la gesti\u00f3n interna empresa-usuario, el env\u00edo de<\/p>\n<p>comunicaciones comerciales y la participaci\u00f3n en los diversos \u00a0promociones y patrocinios.<\/p>\n<p>&nbsp;<\/p>\n<p>EL USUARIO de la WEB www.ofiset.es,\u00a0al facilitar voluntariamente sus datos de<\/p>\n<p>car\u00e1cter personal a trav\u00e9s de los distintos formularios de entrada dispuestos al efecto en la<\/p>\n<p>Web, da su consentimiento para que sus datos puedan ser utilizados en el env\u00edo de<\/p>\n<p>comunicaciones comerciales y ofertas publicitarias por e-mail, fax o cualquier otro medio<\/p>\n<p>electr\u00f3nico o f\u00edsico, presente o futuro. Igualmente, los mismos ser\u00e1n utilizados para responder<\/p>\n<p>a cualquier consulta que nos formule, gestionar los encargos o solicitudes en los formularios de<\/p>\n<p>recogida de datos.<\/p>\n<p>&nbsp;<\/p>\n<p>El Sitio Web www.ofiset.es no utiliza cookies ni otros medios t\u00e9cnicos que permitan<\/p>\n<p>identificar a usuarios en concreto ni conocer datos de su navegaci\u00f3n, sin que el usuario sea<\/p>\n<p>consciente. No obstante, es nuestro compromiso que si se produce cualquier cambio en la<\/p>\n<p>Pol\u00edtica de Privacidad a este respecto ser\u00e1 inmediatamente advertido a trav\u00e9s del presente Sitio<\/p>\n<p>Web, incluyendo la oportuna rectificaci\u00f3n en este apartado.<\/p>\n<p>&nbsp;<\/p>\n<p>El sitio Web dispone de las medidas de seguridad de la informaci\u00f3n generalmente utilizadas por<\/p>\n<p>ejemplo: firewalls, procedimientos de control de acceso y mecanismos criptogr\u00e1ficos, con el<\/p>\n<p>objeto de evitar el acceso no autorizado a los datos facilitados.<\/p>\n<p>&nbsp;<\/p>\n<p>EL USUARIO de la WEB www.ofiset.es podr\u00e1 en cualquier momento ejercer sus<\/p>\n<p>derechos de acceso, rectificaci\u00f3n, cancelaci\u00f3n y oposici\u00f3n en los t\u00e9rminos establecidos en la Ley<\/p>\n<p>Org\u00e1nica 15\/1999, dirigi\u00e9ndose a OFISET SL en la siguiente direcci\u00f3n de correo<\/p>\n<p>electr\u00f3nico: info@ofiset.es, adjuntando copia de su DNI. Tambi\u00e9n en la direcci\u00f3n<\/p>\n<p>postal: PASEO CARMELITAS 35, BAJO 37002 SALAMANCA\u00a0(ESPA\u00d1A).<\/p>\n","protected":false},"excerpt":{"rendered":"<p>INFORMACI\u00d3N EN CUMPLIMIENTO DE LA LEY 34\/2002, DE 11 DE JULIO De conformidad con lo establecido en el art\u00edculo 10 de la Ley 34\/2002, de 11 de julio, de Servicios de la Sociedad de la Informaci\u00f3n y de Comercio electr\u00f3nico, le informamos que el titular de esta p\u00e1gina es\u00a0OFISET SL con CIF B37038874, con quien [&hellip;]<\/p>\n","protected":false},"author":1,"featured_media":0,"parent":0,"menu_order":0,"comment_status":"closed","ping_status":"closed","template":"","meta":[],"_links":{"self":[{"href":"http:\/\/www.ofiset.es\/index.php\/wp-json\/wp\/v2\/pages\/665"}],"collection":[{"href":"http:\/\/www.ofiset.es\/index.php\/wp-json\/wp\/v2\/pages"}],"about":[{"href":"http:\/\/www.ofiset.es\/index.php\/wp-json\/wp\/v2\/types\/page"}],"author":[{"embeddable":true,"href":"http:\/\/www.ofiset.es\/index.php\/wp-json\/wp\/v2\/users\/1"}],"replies":[{"embeddable":true,"href":"http:\/\/www.ofiset.es\/index.php\/wp-json\/wp\/v2\/comments?post=665"}],"version-history":[{"count":5,"href":"http:\/\/www.ofiset.es\/index.php\/wp-json\/wp\/v2\/pages\/665\/revisions"}],"predecessor-version":[{"id":858,"href":"http:\/\/www.ofiset.es\/index.php\/wp-json\/wp\/v2\/pages\/665\/revisions\/858"}],"wp:attachment":[{"href":"http:\/\/www.ofiset.es\/index.php\/wp-json\/wp\/v2\/media?parent=665"}],"curies":[{"name":"wp","href":"https:\/\/api.w.org\/{rel}","templated":true}]}}