{"id":707,"date":"2016-11-06T16:00:51","date_gmt":"2016-11-06T16:00:51","guid":{"rendered":"http:\/\/www.ofiset.es\/?page_id=707"},"modified":"2020-02-06T14:11:35","modified_gmt":"2020-02-06T12:11:35","slug":"proyectos","status":"publish","type":"page","link":"http:\/\/www.ofiset.es\/index.php\/proyectos\/","title":{"rendered":"Arquitectura e Ingenier\u00eda"},"content":{"rendered":"<h2><\/h2>\n<h2>Proyectos t\u00e9cnicos de ingenier\u00eda y arquitectura<\/h2>\n<p>Realizamos proyectos de ingenier\u00eda para la construcci\u00f3n de industrias, dise\u00f1o e implementaci\u00f3n de procesos tecnol\u00f3gicos avanzados, as\u00ed como obras de infraestructura rural.<\/p>\n<p>Contamos con profesionales expertos en Project Management. Siempre orientados a cliente.<\/p>\n<p>Somos expertos en Producci\u00f3n ecol\u00f3gica, ofreciendo asesoramiento para proyectos de conversi\u00f3n de su explotaci\u00f3n al ecol\u00f3gico.<\/p>\n<p>Gestionamos ayudas de las administraciones p\u00fablicas para que pueda beneficiarse del apoyo institucional.<\/p>\n<p>&nbsp;<\/p>\n<h2>Proyectos de Innovaci\u00f3n<\/h2>\n<p>Como Agentes de innovaci\u00f3n, coordinamos proyectos nacionales e internacionales relacionados con la innovaci\u00f3n, proyectos piloto, as\u00ed como cualquier proyecto de cooperaci\u00f3n entre empresas.<\/p>\n<p>&nbsp;<\/p>\n<div class=\"column-1_ sc_column_item sc_column_item_ even\"><h2 class=\"sc_title sc_title_regular margin_bottom_tiny\">Proyectos<\/h2>[vc_column_text][\/vc_column_text]<div class=\"sc_line sc_line_position_center_center sc_line_style_dotted\" style=\"margin-bottom: 0.5rem !important; margin-top: 1.4rem !important;border-top-style:dotted;\"><\/div><ul class=\"sc_list sc_list_style_ul\"><li class=\"sc_list_item odd first\" style=\"color:#1e73be;\" title=\"Elaboraci\u00f3n de proyectos t\u00e9cnicos\"><span>Elaboraci\u00f3n de proyectos t\u00e9cnicos<\/span><\/li><li class=\"sc_list_item even\" style=\"color:#1e73be;\" title=\"Coordinaci\u00f3n proyectos de innovaci\u00f3n\"><span>Coordinaci\u00f3n proyectos de innovaci\u00f3n<\/span><\/li><li class=\"sc_list_item odd\" style=\"color:#1e73be;\" title=\"Llave en mano\"><span>Llave en mano<\/span><\/li><\/ul><\/div><div class=\"column-1_ sc_column_item sc_column_item_1 odd first\"><h2 class=\"sc_title sc_title_regular margin_bottom_tiny\">Project Management<\/h2>[vc_column_text][\/vc_column_text]<div class=\"sc_line sc_line_position_center_center sc_line_style_dotted\" style=\"margin-bottom: 0.5rem !important; margin-top: 1.4rem !important;border-top-style:dotted;\"><\/div><ul class=\"sc_list sc_list_style_ul\"><li class=\"sc_list_item odd first\" style=\"color:#1e73be;\" title=\"Direcci\u00f3n y coordinaci\u00f3n\"><span>Direcci\u00f3n y coordinaci\u00f3n<\/span><\/li><li class=\"sc_list_item even\" style=\"color:#1e73be;\" title=\"Asesoramiento y monitoring\"><span>Asesoramiento y monitoring<\/span><\/li><li class=\"sc_list_item odd\" style=\"color:#1e73be;\" title=\"Due Diligence\"><span>Due Diligence<\/span><\/li><li class=\"sc_list_item even\" style=\"color:#1e73be;\" title=\"Formaci\u00f3n\"><span>Formaci\u00f3n<\/span><\/li><\/ul><\/div>\n","protected":false},"excerpt":{"rendered":"<p>Proyectos t\u00e9cnicos de ingenier\u00eda y arquitectura Realizamos proyectos de ingenier\u00eda para la construcci\u00f3n de industrias, dise\u00f1o e implementaci\u00f3n de procesos tecnol\u00f3gicos avanzados, as\u00ed como obras de infraestructura rural. Contamos con profesionales expertos en Project Management. Siempre orientados a cliente. Somos expertos en Producci\u00f3n ecol\u00f3gica, ofreciendo asesoramiento para proyectos de conversi\u00f3n de su explotaci\u00f3n al ecol\u00f3gico. [&hellip;]<\/p>\n","protected":false},"author":1,"featured_media":0,"parent":0,"menu_order":0,"comment_status":"closed","ping_status":"closed","template":"","meta":[],"_links":{"self":[{"href":"http:\/\/www.ofiset.es\/index.php\/wp-json\/wp\/v2\/pages\/707"}],"collection":[{"href":"http:\/\/www.ofiset.es\/index.php\/wp-json\/wp\/v2\/pages"}],"about":[{"href":"http:\/\/www.ofiset.es\/index.php\/wp-json\/wp\/v2\/types\/page"}],"author":[{"embeddable":true,"href":"http:\/\/www.ofiset.es\/index.php\/wp-json\/wp\/v2\/users\/1"}],"replies":[{"embeddable":true,"href":"http:\/\/www.ofiset.es\/index.php\/wp-json\/wp\/v2\/comments?post=707"}],"version-history":[{"count":9,"href":"http:\/\/www.ofiset.es\/index.php\/wp-json\/wp\/v2\/pages\/707\/revisions"}],"predecessor-version":[{"id":928,"href":"http:\/\/www.ofiset.es\/index.php\/wp-json\/wp\/v2\/pages\/707\/revisions\/928"}],"wp:attachment":[{"href":"http:\/\/www.ofiset.es\/index.php\/wp-json\/wp\/v2\/media?parent=707"}],"curies":[{"name":"wp","href":"https:\/\/api.w.org\/{rel}","templated":true}]}}